

{"id":124,"date":"2013-11-19T08:15:39","date_gmt":"2013-11-19T08:15:39","guid":{"rendered":"https:\/\/canariasviaja.com\/info\/?page_id=124"},"modified":"2024-11-14T11:48:16","modified_gmt":"2024-11-14T11:48:16","slug":"normativa-para-residentes","status":"publish","type":"page","link":"https:\/\/www.canariasviaja.com\/info\/normativa-para-residentes\/","title":{"rendered":"Normativa para residentes"},"content":{"rendered":"<div id=\"content\" style=\"width: 580px;\">\n<div class=\"print\"><a href=\"https:\/\/canariasviaja.com\/info\/aviso-legal?print\"><img decoding=\"async\" src=\"https:\/\/canariasviaja.com\/info\/wp-content\/uploads\/impresora1.png\" alt=\"impresora\" width=\"30\" height=\"29\"\/><\/a><a href=\"https:\/\/canariasviaja.com\/info\/aviso-legal?print\">Imprimir <\/a><\/div>\n<div class=\"print\"><\/div>\n<h2><b>Normativa para residentes<\/b><\/h2>\n<p>En aplicaci\u00f3n del Real Decreto 1316\/2001, modificado por el Real Decreto 1340\/2007 de 11 de octubre, para poder hacer uso del billete bonificado, el pasajero debe acreditar su condici\u00f3n de residente en el momento de la facturaci\u00f3n as\u00ed como en el del embarque, con la siguiente documentaci\u00f3n:<\/p>\n<p>&nbsp;<\/p>\n<p>Los espa\u00f1oles con DNI en vigor, en donde deber\u00e1 figurar su domicilio en el Archipi\u00e9lago Canario. En el caso de que en su DNI no figure este domicilio, que da derecho a la bonificaci\u00f3n deber\u00e1n presentar tambi\u00e9n el Certificado de Residencia para Viajar de su Ayuntamiento correspondiente, que tendr\u00e1 una validez de hasta seis meses.<\/p>\n<p>&nbsp;<\/p>\n<p>Los espa\u00f1oles menores de 14 a\u00f1os que no dispongan de DNI, deber\u00e1n acreditarse mediante Certificado de Residencia, con validez de seis meses, del Ayuntamiento en el que residan, en donde deber\u00e1 figurar la fecha de nacimiento del menor.<\/p>\n<p>&nbsp;<\/p>\n<p>Los ciudadanos de los Estados miembre de la UE o de los dem\u00e1s Estados firmantes del acuerdo sobre el Espacio Econ\u00f3mico Europeo o Suiza, el documento acreditativo ser\u00e1 el Certificado de Registro expedido por el Registro Central de Extranjeros en vigor, y en el que deber\u00e1 constar expresamente el domicilio de residencia que da derecho a la bonificaci\u00f3n, que deber\u00e1 en todo caso acompa\u00f1arse del documento de identidad de su pa\u00eds o pasaporte en vigor.<\/p>\n<p>&nbsp;<\/p>\n<p>Los Diputados y Senadores de las correspondientes circunscripciones, con su Credencial.<\/p>\n<p>&nbsp;<\/p>\n<h3><b>Casos especiales:<\/b><\/h3>\n<p>&nbsp;<\/p>\n<p><strong>Desde el 16 de julio del 2018<\/strong> y de acuerdo con la resoluci\u00f3n publicada en el <strong>BOE 170\/2018 de 14 de julio de 2018<\/strong>, en cumplimiento de la <strong>disposici\u00f3n adicional cent\u00e9sima cuadrag\u00e9sima s\u00e9ptima de la Ley 6\/2018 de 3 de julio<\/strong>, de Presupuestos Generales del Estado para el a\u00f1o 2018, el porcentaje de bonificaci\u00f3n en las tarifas de los servicios regulares de transporte a\u00e9reo de pasajeros entre las Comunidades Aut\u00f3nomas de Canarias e Illes Balears y las Ciudades de Ceuta y Melilla, respectivamente, y el resto del territorio nacional ser\u00e1, con vigencia indefinida, del <strong>75 %<\/strong> de la tarifa bonificable por cada trayecto directo de ida o de ida y vuelta.<\/p>\n<p>En referencia al porcentaje de bonificaci\u00f3n en las tarifas de los servicios regulares de transporte a\u00e9reo de pasajeros, entre las Comunidades Aut\u00f3nomas de Canarias e Illes Balears, con respecto a los viajes interinsulares ser\u00e1 del <strong>75 %<\/strong> de dicha cuant\u00eda, manteni\u00e9ndose la vigencia de <strong>disposici\u00f3n adicional cent\u00e9sima vig\u00e9sima octava de la Ley 173\/2017 de 29 de junio <\/strong>de Presupuestos Generales del Estado correspondientes a 2017.<\/p>\n<p>&nbsp;<\/p>\n<p>Estas bonificaciones ser\u00e1n aplicables a los ciudadanos espa\u00f1oles y de los dem\u00e1s Estados miembros de la Uni\u00f3n Europea y del espacio econ\u00f3mico (Noruega, Suiza, Islandia y Liechtenstein), que acrediten la condici\u00f3n de residentes en las Islas Baleares o Islas Canarias o Ceuta.<\/p>\n<p>Desde el 01 de Mayo 2008 el descuento de residente se ha ampliado a ciudadanos de Chipre, Eslovenia, Estonia, Hungr\u00eda, Latvia, Lituania, Malta, Polonia, Republica checa, Republica eslovaca residentes en las Islas Baleares o Canarias.<\/p>\n<p>Renovaci\u00f3n del DNI. Resguardo de encontrarse en tr\u00e1mite de renovar el DNI (dentro del plazo de su validez), acompa\u00f1ado del DNI caducado o pasaporte.<\/p>\n<p>En caso de extrav\u00edo, sustracci\u00f3n, destrucci\u00f3n o deterioro del Documento Nacional de Identidad deber\u00e1 presentarse duplicado expedido por la Direcci\u00f3n General de Polic\u00eda.<\/p>\n<p>De forma transitoria, los ciudadanos de los Estados miembros de la UE o Estado firmante de acuerdo sobre Espacio Econ\u00f3mico Europeo o Suiza, podr\u00e1n identificarse y\/o acreditar la condici\u00f3n de residente mediante la tarjeta de residencia en vigor.<\/p>\n<p>&nbsp;<\/p>\n<h3><strong>EXCEPCIONES:<\/strong><\/h3>\n<p>Renovaci\u00f3n de DNI: el cliente podr\u00e1 acreditar su identidad y condici\u00f3n de Residente, presentando el justificante de la cita para la renovaci\u00f3n del DNI, dentro del plazo de su validez acompa\u00f1ado del Carnet de Identidad caducado o Pasaporte.<\/p>\n<p>Robo o P\u00e9rdida del DNI: Denuncia ante las FF y CC de Seguridad, que deber\u00e1 aportarse junto con el pasaporte o Carnet de Conducir expedido en Espa\u00f1a, como documentos acreditativos de la identidad.<\/p>\n<p>Tarjeta de Residente o Permiso de Residencia: a los ciudadanos de los Estados miembros de la UE o Estado firmante de acuerdo sobre Espacio Econ\u00f3mico Europeo o Suiza, mientras est\u00e9 en vigor.<\/p>\n<p>&nbsp;<\/p>\n<p><strong>IMPORTANTE:<\/strong><\/p>\n<p>En el caso de que el Cliente no presente ninguna documentaci\u00f3n v\u00e1lida acreditativa de su residencia, no ser\u00e1 aceptado al vuelo, teniendo que adquirir otro billete sin subvenci\u00f3n de residente y volver a facturar dentro de los tiempos m\u00ednimos establecidos.<\/p>\n<p>&nbsp;<\/p>\n<p><strong>\u00bfSe comprobar\u00e1n mis datos en alg\u00fan momento?<\/strong><\/p>\n<p>&nbsp;<\/p>\n<p>La compa\u00f1\u00eda a\u00e9rea est\u00e1 obligada a comprobar en el momento de la facturaci\u00f3n previa al embarque, la identidad del beneficiario cuyo nombre figure en el billete, con su documentaci\u00f3n personal, de forma exhaustiva, es decir a todos los pasajeros con billete subvencionado.<\/p>\n<p>Por tanto es imprescindible que todo beneficiario que viaje con billete a\u00e9reo bonificado vaya provisto del documento que acredite su identidad, ya sea el documento nacional de identidad, pasaporte o tarjeta de residencia y, en su caso, los certificados acreditativos se\u00f1alados anteriormente.<\/p>\n<p>En cumplimiento con la ley, deber\u00e1 acreditar su condici\u00f3n de residente en los mostradores de facturaci\u00f3n y puertas de embarque.<\/p>\n<p>&nbsp;<\/p>\n<p><strong>\u00bfQu\u00e9 responsabilidades tiene el beneficiario de la subvenci\u00f3n?<\/strong><\/p>\n<p>&nbsp;<\/p>\n<p>Qui\u00e9nes viajen con billete a\u00e9reo bonificado deber\u00e1 ir provistos del documento que acredite su identidad, ya sea el documento nacional de identidad o tarjeta de residencia.<\/p>\n<p>Cuando, a requerimiento de la compa\u00f1\u00eda a\u00e9rea o de los \u00f3rganos administrativos competentes, un pasajero que viaje con billete a\u00e9reo bonificado no pueda demostrar su identidad y residencia o los datos no coincidan con el titular del billete o pasaje, no podr\u00e1 efectuar el viaje correspondiente.<\/p>\n<p>&nbsp;<\/p>\n<p>Si con posterioridad a la expedici\u00f3n del billete a\u00e9reo bonificado se comprobara por los \u00f3rganos competentes de la Administraci\u00f3n el incumplimiento de los criterios establecidos en el art\u00edculo 1 del Real Decreto como acreditadores al derecho a subvenci\u00f3n, el beneficiario quedar\u00e1 sujeto a la responsabilidad que corresponda de conformidad con lo dispuesto para el cumplimiento de condiciones en la normativa reguladora de las ayudas y subvenciones p\u00fablicas.<\/p>\n<p>&nbsp;<\/p>\n<\/div>\n","protected":false},"excerpt":{"rendered":"<p>Imprimir Normativa para residentes En aplicaci\u00f3n del Real Decreto 1316\/2001, modificado por el Real Decreto 1340\/2007 de 11 de octubre, para poder hacer uso del billete bonificado, el pasajero debe acreditar su condici\u00f3n de residente en el momento de la facturaci\u00f3n as\u00ed como en el del embarque, con la siguiente documentaci\u00f3n: &nbsp; Los espa\u00f1oles con [&hellip;]<\/p>\n","protected":false},"author":1,"featured_media":0,"parent":0,"menu_order":0,"comment_status":"closed","ping_status":"open","template":"","meta":{"_eb_attr":"","footnotes":""},"class_list":["post-124","page","type-page","status-publish","hentry"],"yoast_head":"<title>Normativa para residentes - Canarias viaja<\/title>\n<meta name=\"robots\" content=\"index, follow, max-snippet:-1, max-image-preview:large, max-video-preview:-1\" \/>\n<link rel=\"canonical\" href=\"https:\/\/www.canariasviaja.com\/info\/normativa-para-residentes\/\" \/>\n<meta property=\"og:locale\" content=\"es_ES\" \/>\n<meta property=\"og:type\" content=\"article\" \/>\n<meta property=\"og:title\" content=\"Normativa para residentes - Canarias viaja\" \/>\n<meta property=\"og:description\" content=\"Imprimir Normativa para residentes En aplicaci\u00f3n del Real Decreto 1316\/2001, modificado por el Real Decreto 1340\/2007 de 11 de octubre, para poder hacer uso del billete bonificado, el pasajero debe acreditar su condici\u00f3n de residente en el momento de la facturaci\u00f3n as\u00ed como en el del embarque, con la siguiente documentaci\u00f3n: &nbsp; Los espa\u00f1oles con [&hellip;]\" \/>\n<meta property=\"og:url\" content=\"https:\/\/www.canariasviaja.com\/info\/normativa-para-residentes\/\" \/>\n<meta property=\"og:site_name\" content=\"Canarias viaja\" \/>\n<meta property=\"article:modified_time\" content=\"2024-11-14T11:48:16+00:00\" \/>\n<meta property=\"og:image\" content=\"https:\/\/canariasviaja.com\/info\/wp-content\/uploads\/impresora1.png\" \/>\n<meta name=\"twitter:label1\" content=\"Tiempo de lectura\" \/>\n\t<meta name=\"twitter:data1\" content=\"5 minutos\" \/>\n<script type=\"application\/ld+json\" class=\"yoast-schema-graph\">{\"@context\":\"https:\/\/schema.org\",\"@graph\":[{\"@type\":\"WebPage\",\"@id\":\"https:\/\/www.canariasviaja.com\/info\/normativa-para-residentes\/\",\"url\":\"https:\/\/www.canariasviaja.com\/info\/normativa-para-residentes\/\",\"name\":\"Normativa para residentes - Canarias viaja\",\"isPartOf\":{\"@id\":\"https:\/\/www.canariasviaja.com\/info\/#website\"},\"primaryImageOfPage\":{\"@id\":\"https:\/\/www.canariasviaja.com\/info\/normativa-para-residentes\/#primaryimage\"},\"image\":{\"@id\":\"https:\/\/www.canariasviaja.com\/info\/normativa-para-residentes\/#primaryimage\"},\"thumbnailUrl\":\"https:\/\/canariasviaja.com\/info\/wp-content\/uploads\/impresora1.png\",\"datePublished\":\"2013-11-19T08:15:39+00:00\",\"dateModified\":\"2024-11-14T11:48:16+00:00\",\"breadcrumb\":{\"@id\":\"https:\/\/www.canariasviaja.com\/info\/normativa-para-residentes\/#breadcrumb\"},\"inLanguage\":\"es\",\"potentialAction\":[{\"@type\":\"ReadAction\",\"target\":[\"https:\/\/www.canariasviaja.com\/info\/normativa-para-residentes\/\"]}]},{\"@type\":\"ImageObject\",\"inLanguage\":\"es\",\"@id\":\"https:\/\/www.canariasviaja.com\/info\/normativa-para-residentes\/#primaryimage\",\"url\":\"https:\/\/canariasviaja.com\/info\/wp-content\/uploads\/impresora1.png\",\"contentUrl\":\"https:\/\/canariasviaja.com\/info\/wp-content\/uploads\/impresora1.png\"},{\"@type\":\"BreadcrumbList\",\"@id\":\"https:\/\/www.canariasviaja.com\/info\/normativa-para-residentes\/#breadcrumb\",\"itemListElement\":[{\"@type\":\"ListItem\",\"position\":1,\"name\":\"Home\",\"item\":\"https:\/\/www.canariasviaja.com\/info\/\"},{\"@type\":\"ListItem\",\"position\":2,\"name\":\"Normativa para residentes\"}]},{\"@type\":\"WebSite\",\"@id\":\"https:\/\/www.canariasviaja.com\/info\/#website\",\"url\":\"https:\/\/www.canariasviaja.com\/info\/\",\"name\":\"Canarias viaja\",\"description\":\"Canarias viaja\",\"publisher\":{\"@id\":\"https:\/\/www.canariasviaja.com\/info\/#organization\"},\"potentialAction\":[{\"@type\":\"SearchAction\",\"target\":{\"@type\":\"EntryPoint\",\"urlTemplate\":\"https:\/\/www.canariasviaja.com\/info\/?s={search_term_string}\"},\"query-input\":{\"@type\":\"PropertyValueSpecification\",\"valueRequired\":true,\"valueName\":\"search_term_string\"}}],\"inLanguage\":\"es\"},{\"@type\":\"Organization\",\"@id\":\"https:\/\/www.canariasviaja.com\/info\/#organization\",\"name\":\"Canarias viaja\",\"url\":\"https:\/\/www.canariasviaja.com\/info\/\",\"logo\":{\"@type\":\"ImageObject\",\"inLanguage\":\"es\",\"@id\":\"https:\/\/www.canariasviaja.com\/info\/#\/schema\/logo\/image\/\",\"url\":\"https:\/\/www.canariasviaja.com\/info\/wp-content\/uploads\/logo-CV-2020.png\",\"contentUrl\":\"https:\/\/www.canariasviaja.com\/info\/wp-content\/uploads\/logo-CV-2020.png\",\"width\":595,\"height\":167,\"caption\":\"Canarias viaja\"},\"image\":{\"@id\":\"https:\/\/www.canariasviaja.com\/info\/#\/schema\/logo\/image\/\"}}]}<\/script>","yoast_head_json":{"title":"Normativa para residentes - Canarias viaja","robots":{"index":"index","follow":"follow","max-snippet":"max-snippet:-1","max-image-preview":"max-image-preview:large","max-video-preview":"max-video-preview:-1"},"canonical":"https:\/\/www.canariasviaja.com\/info\/normativa-para-residentes\/","og_locale":"es_ES","og_type":"article","og_title":"Normativa para residentes - Canarias viaja","og_description":"Imprimir Normativa para residentes En aplicaci\u00f3n del Real Decreto 1316\/2001, modificado por el Real Decreto 1340\/2007 de 11 de octubre, para poder hacer uso del billete bonificado, el pasajero debe acreditar su condici\u00f3n de residente en el momento de la facturaci\u00f3n as\u00ed como en el del embarque, con la siguiente documentaci\u00f3n: &nbsp; Los espa\u00f1oles con [&hellip;]","og_url":"https:\/\/www.canariasviaja.com\/info\/normativa-para-residentes\/","og_site_name":"Canarias viaja","article_modified_time":"2024-11-14T11:48:16+00:00","og_image":[{"url":"https:\/\/canariasviaja.com\/info\/wp-content\/uploads\/impresora1.png","type":"","width":"","height":""}],"twitter_misc":{"Tiempo de lectura":"5 minutos"},"schema":{"@context":"https:\/\/schema.org","@graph":[{"@type":"WebPage","@id":"https:\/\/www.canariasviaja.com\/info\/normativa-para-residentes\/","url":"https:\/\/www.canariasviaja.com\/info\/normativa-para-residentes\/","name":"Normativa para residentes - Canarias viaja","isPartOf":{"@id":"https:\/\/www.canariasviaja.com\/info\/#website"},"primaryImageOfPage":{"@id":"https:\/\/www.canariasviaja.com\/info\/normativa-para-residentes\/#primaryimage"},"image":{"@id":"https:\/\/www.canariasviaja.com\/info\/normativa-para-residentes\/#primaryimage"},"thumbnailUrl":"https:\/\/canariasviaja.com\/info\/wp-content\/uploads\/impresora1.png","datePublished":"2013-11-19T08:15:39+00:00","dateModified":"2024-11-14T11:48:16+00:00","breadcrumb":{"@id":"https:\/\/www.canariasviaja.com\/info\/normativa-para-residentes\/#breadcrumb"},"inLanguage":"es","potentialAction":[{"@type":"ReadAction","target":["https:\/\/www.canariasviaja.com\/info\/normativa-para-residentes\/"]}]},{"@type":"ImageObject","inLanguage":"es","@id":"https:\/\/www.canariasviaja.com\/info\/normativa-para-residentes\/#primaryimage","url":"https:\/\/canariasviaja.com\/info\/wp-content\/uploads\/impresora1.png","contentUrl":"https:\/\/canariasviaja.com\/info\/wp-content\/uploads\/impresora1.png"},{"@type":"BreadcrumbList","@id":"https:\/\/www.canariasviaja.com\/info\/normativa-para-residentes\/#breadcrumb","itemListElement":[{"@type":"ListItem","position":1,"name":"Home","item":"https:\/\/www.canariasviaja.com\/info\/"},{"@type":"ListItem","position":2,"name":"Normativa para residentes"}]},{"@type":"WebSite","@id":"https:\/\/www.canariasviaja.com\/info\/#website","url":"https:\/\/www.canariasviaja.com\/info\/","name":"Canarias viaja","description":"Canarias viaja","publisher":{"@id":"https:\/\/www.canariasviaja.com\/info\/#organization"},"potentialAction":[{"@type":"SearchAction","target":{"@type":"EntryPoint","urlTemplate":"https:\/\/www.canariasviaja.com\/info\/?s={search_term_string}"},"query-input":{"@type":"PropertyValueSpecification","valueRequired":true,"valueName":"search_term_string"}}],"inLanguage":"es"},{"@type":"Organization","@id":"https:\/\/www.canariasviaja.com\/info\/#organization","name":"Canarias viaja","url":"https:\/\/www.canariasviaja.com\/info\/","logo":{"@type":"ImageObject","inLanguage":"es","@id":"https:\/\/www.canariasviaja.com\/info\/#\/schema\/logo\/image\/","url":"https:\/\/www.canariasviaja.com\/info\/wp-content\/uploads\/logo-CV-2020.png","contentUrl":"https:\/\/www.canariasviaja.com\/info\/wp-content\/uploads\/logo-CV-2020.png","width":595,"height":167,"caption":"Canarias viaja"},"image":{"@id":"https:\/\/www.canariasviaja.com\/info\/#\/schema\/logo\/image\/"}}]}},"_links":{"self":[{"href":"https:\/\/www.canariasviaja.com\/info\/wp-json\/wp\/v2\/pages\/124","targetHints":{"allow":["GET"]}}],"collection":[{"href":"https:\/\/www.canariasviaja.com\/info\/wp-json\/wp\/v2\/pages"}],"about":[{"href":"https:\/\/www.canariasviaja.com\/info\/wp-json\/wp\/v2\/types\/page"}],"author":[{"embeddable":true,"href":"https:\/\/www.canariasviaja.com\/info\/wp-json\/wp\/v2\/users\/1"}],"replies":[{"embeddable":true,"href":"https:\/\/www.canariasviaja.com\/info\/wp-json\/wp\/v2\/comments?post=124"}],"version-history":[{"count":1,"href":"https:\/\/www.canariasviaja.com\/info\/wp-json\/wp\/v2\/pages\/124\/revisions"}],"predecessor-version":[{"id":35646,"href":"https:\/\/www.canariasviaja.com\/info\/wp-json\/wp\/v2\/pages\/124\/revisions\/35646"}],"wp:attachment":[{"href":"https:\/\/www.canariasviaja.com\/info\/wp-json\/wp\/v2\/media?parent=124"}],"curies":[{"name":"wp","href":"https:\/\/api.w.org\/{rel}","templated":true}]}}