

{"id":20,"date":"2013-11-09T12:51:05","date_gmt":"2013-11-09T12:51:05","guid":{"rendered":"https:\/\/canariasviaja.com\/info\/?page_id=20"},"modified":"2024-11-14T11:45:37","modified_gmt":"2024-11-14T11:45:37","slug":"aviso-legal","status":"publish","type":"page","link":"https:\/\/www.canariasviaja.com\/info\/aviso-legal\/","title":{"rendered":"Aviso Legal"},"content":{"rendered":"\n<div class=\"wp-block-columns is-layout-flex wp-container-core-columns-is-layout-9d6595d7 wp-block-columns-is-layout-flex\">\n<div class=\"wp-block-column is-layout-flow wp-block-column-is-layout-flow\"><\/div>\n<\/div>\n\n\n<table>\n<tbody>\n<tr>\n<td style=\"font-size: 11pt; font-family: Roboto, sans-serif; line-height: 1.2em;\">\n<h2 class=\"p1\"><b>AVISO LEGAL WEB<p><\/p>\n<\/b><p><b><\/b><\/p><\/h2>\n<h3 class=\"p3\"><b>I. Objeto<\/b><\/h3>\n<p class=\"p4\">El presente documento constituye el aviso legal que regula todo lo relacionado con el sitio web www.canariasviaja.com, titularidad de OPERACIONES TUR\u00cdSTICAS CANARIASVIAJA S.A. -en adelante, CanariasViaja- con el fin de determinar los criterios y condiciones de uso de la misma.<span class=\"Apple-converted-space\">&nbsp;<\/span><\/p>\n<p class=\"p4\">El visitante de este sitio web -en adelante, EL USUARIO-, al acceder y permanecer en el mismo, reconoce y acepta los t\u00e9rminos previstos en el presente documento, sin excepciones. Si EL USUARIO no est\u00e1 conforme con este contenido, rogamos que deje de visitar la p\u00e1gina.<span class=\"Apple-converted-space\">&nbsp;<\/span><\/p>\n<p class=\"p4\">Este documento no sustituye a cualesquiera otros que puedan constar en el sitio web, tales como las pol\u00edticas de privacidad y cookies, u otros contenidos, sencillamente los complementa. Por ello, si el USUARIO desea obtener m\u00e1s informaci\u00f3n acerca de los t\u00e9rminos que rigen el sitio, o de la forma en que ello le afecta, puede dirigirse a los citados textos, o recibir m\u00e1s informaci\u00f3n del titular de la web, cuyos datos facilitamos en el siguiente apartado.<span class=\"Apple-converted-space\">&nbsp;<\/span><\/p>\n<p class=\"p4\">CanariasViaja informa a EL USUARIO de que solo podr\u00e1 proporcionarnos sus datos personales a trav\u00e9s de este sitio web si ha alcanzado la mayor\u00eda de edad. En el caso de usuarios menores de 14 a\u00f1os, ello requerir\u00e1 el consentimiento previo de quienes ostenten su representaci\u00f3n legal.<\/p>\n<p><\/p>\n<h3 class=\"p3\"><b>II. Titularidad del sitio web<\/b><\/h3>\n<p class=\"p4\">Siguiendo lo dispuesto en la Ley de Servicios de la Sociedad de la Informaci\u00f3n y Correo Electr\u00f3nico, LSSICE 34\/2002, ponemos a disposici\u00f3n de EL USUARIO los datos del titular de esta web:<\/p>\n<p class=\"p7\"><strong>Denominaci\u00f3n: <\/strong>OPERACIONES TUR\u00cdSTICAS CANARIASVIAJA S.A.<br \/><b>NIF:<\/b> A-38876454<br \/><b>Domicilio:<\/b> Calle El Pilar 28 \u2013 Local A \u2013 Entresuelo 38002 \u2013 Santa Cruz de Tenerife<br \/><span class=\"s1\"><b>Correo electr\u00f3nico<\/b>: <a href=\"mailto:info@canariasviaja.com\"><span class=\"s2\">info@canariasviaja.com<\/span><\/a><br \/><\/span><b>Tel\u00e9fonos: <\/b>922 248 161 | 928 248 161<br \/><b>Datos registrales: <\/b>inscrita en el Registro Mercantil de Santa de Cruz de Tenerife, Tomo 2880, Folio 139, Secci\u00f3n 8\u00aa, Hoja TF-40611 Inscripci\u00f3n 1\u00aa.<\/p>\n<p class=\"p7\">CanariasViaja no solo es titular de la web, sino que, adem\u00e1s, se encarga de su gesti\u00f3n y de la actualizaci\u00f3n de los contenidos presentes en la misma. EL USUARIO, que hace uso y disfrute del sitio, asume y acepta las condiciones previstas en este documento, con el alcance de la \u00faltima versi\u00f3n publicada en el momento en que accede a la web.<span class=\"Apple-converted-space\">&nbsp;<\/span><\/p>\n<p class=\"p7\">No obstante, CanariasViaja se reserva el derecho a modificar estas condiciones en cualquier momento, con el objetivo de mejorarlas o hacerlas m\u00e1s adecuadas a la normativa vigente o a la realidad del sitio. As\u00ed mismo, tambi\u00e9n podr\u00e1n implementarse medidas, de car\u00e1cter t\u00e9cnico o visual, con el fin de incrementar la calidad y seguridad del sitio.<\/p>\n<p class=\"p7\">Si la privacidad de EL USUARIO pudiera verse, en modo alguno, comprometida como consecuencia de alguna de las acciones anteriores, CanariasViaja lo pondr\u00e1 en su conocimiento, con anterior a su puesta en marcha o entrada en vigor, garantizando su derecho a la informaci\u00f3n.<span class=\"Apple-converted-space\">&nbsp;<\/span><\/p>\n<p><\/p>\n<h3 class=\"p9\"><b>III. Pol\u00edtica de privacidad de CanariasViaja<\/b><\/h3>\n<p class=\"p7\">Tal y como se indicaba en el apartado I del presente documento, \u00e9ste no sustituye a otros que consten en el sitio web, sino que los complementa.<span class=\"Apple-converted-space\">&nbsp;<\/span><\/p>\n<p class=\"p7\">As\u00ed, CanariasViaja pone a disposici\u00f3n de EL USUARIO su <span style=\"color: #cc99ff;\"><a style=\"color: #cc99ff;\" href=\"https:\/\/www.canariasviaja.com\/info\/politica-de-privacidad\/\">pol\u00edtica de privacidad<\/a><\/span>, que ampl\u00eda y mejora el contenido de este aviso legal, y contempla todos los aspectos que conciernen al tratamiento de datos personales, bien a trav\u00e9s de la propia web, bien a trav\u00e9s de contenidos que redirijan a ella.<span class=\"Apple-converted-space\">&nbsp;<\/span><\/p>\n<p><\/p>\n<h3 class=\"p9\"><b>III. Pol\u00edtica de enlaces<\/b><\/h3>\n<p class=\"p7\">A fin de ofrecer a EL USUARIO un contenido \u00edntegro y de calidad cuando visita nuestro sitio web, puede haber dentro del mismo determinados enlaces que reconduzcan a p\u00e1ginas de terceros. Por ello, CanariasViaja informa que solo gestiona y es responsable de la p\u00e1gina web www.canariasviaja.com, y no de cualesquiera otros sitios o portales que puedan aparecer enlazados o mencionados en la misma.<\/p>\n<p class=\"p7\">Aunque CanariasViaja no asume responsabilidad sobre dichos enlaces, s\u00ed guarda cuidado y diligencia a la hora de seleccionarlos. Por ello, los contenidos, ofertas, productos o servicios relacionados con estos han sido elegidos de buena fe.<span class=\"Apple-converted-space\">&nbsp;<\/span><\/p>\n<p class=\"p7\">Adem\u00e1s, hacemos un seguimiento continuo y activo de los enlaces que redirigen a p\u00e1ginas de terceros desde nuestro sitio, para asegurarnos que todo funcione correctamente y que no incurrimos en riesgos.<\/p>\n<p class=\"p4\">\u00bfPor qu\u00e9 incorporamos estos enlaces? Esto puede deberse a varios motivos, entre ellos: <span class=\"Apple-converted-space\">&nbsp;<\/span><\/p>\n<ul class=\"ul1\">\n<li class=\"li4\"><span style=\"font-size: 14pt;\">Facilitar informaci\u00f3n adicional sobre temas de inter\u00e9s en relaci\u00f3n con CanariasViaja<\/span><\/li>\n<li class=\"li4\"><span style=\"font-size: 14pt;\">Ampliar informaci\u00f3n sobre nuestros productos, servicios, eventos y otros<\/span><\/li>\n<li class=\"li4\"><span style=\"font-size: 14pt;\">Incluir informaci\u00f3n sobre nuestros proveedores y p\u00e1ginas de confianza<\/span><\/li>\n<li class=\"li4\"><span style=\"font-size: 14pt;\">Facilitar el acceso de EL USUARIO a nuestros perfiles en redes sociales<\/span><span class=\"Apple-converted-space\"><span class=\"Apple-converted-space\"><span style=\"font-size: 14pt;\">&nbsp;<\/span><\/span><\/span>\n<p><\/p>\n<\/li>\n<\/ul>\n<h3 class=\"p3\"><b>IV. Propiedad intelectual<\/b><\/h3>\n<p class=\"p4\">OPERACIONES TUR\u00cdSTICAS CANARIASVIAJA S.A., titular de este sitio web, es tambi\u00e9n titular de la marca CanariasViaja, registrada en la Oficina Espa\u00f1ola de Patentes y Marcas (OEPM). La marca no puede ser utilizada por nadie distinto a OPERACIONES TUR\u00cdSTICAS CANARIASVIAJA S.A., salvo que disponga de consentimiento para ello.<span class=\"Apple-converted-space\">&nbsp;<\/span><\/p>\n<p class=\"p4\">Informamos a EL USUARIO de que todo el contenido de la web es propiedad de OPERACIONES TUR\u00cdSTICAS CANARIASVIAJA S.A. o de terceros. Ello incluye su dise\u00f1o, contenido gr\u00e1fico y multimedia, publicaciones, textos presentes en los apartados de la misma, desarrollo de la web, logos, marcas, productos y cualquier otro que pueda ser objeto de derechos de propiedad intelectual e industrial.<span class=\"Apple-converted-space\">&nbsp;<\/span><\/p>\n<p class=\"p4\">El anterior listado es a t\u00edtulo enunciativo, no limitativo, y OPERACIONES TUR\u00cdSTICAS CANARIASVIAJA S.A. se reserva el derecho a modificarlo y actualizarlo.<span class=\"Apple-converted-space\">&nbsp;<\/span><\/p>\n<p class=\"p4\">EL USUARIO se da por informado de que no est\u00e1 permitida la reproducci\u00f3n total ni parcial, la copia, distribuci\u00f3n, divulgaci\u00f3n, transformaci\u00f3n, comercializaci\u00f3n, o cualquier otra actividad que menoscabe los derechos del titular de la web, o de terceros titulares de derechos de propiedad intelectual o industrial.<span class=\"Apple-converted-space\">&nbsp;<\/span><\/p>\n<p class=\"p4\">EL USUARIO solo puede hacer un uso y copia privado de esta web y sus contenidos, no pudiendo trasladas los mismos a terceros ni someterlos a explotaci\u00f3n.<span class=\"Apple-converted-space\">&nbsp;<\/span><\/p>\n<p><\/p>\n<h3 class=\"p3\"><b>VI. Obligaciones y usos prohibidos<\/b><\/h3>\n<p class=\"p4\">Con la entrada y permanencia en este sitio web, EL USUARIO acepta el contenido de este Aviso Legal y, por consiguiente, de las condiciones reguladas en este apartado.<span class=\"Apple-converted-space\">&nbsp;<\/span><\/p>\n<ul class=\"ul1\">\n<li class=\"li4\"><span style=\"font-size: 14pt;\"><span style=\"font-size: 14pt;\">EL USUARIO no utilizar\u00e1 la informaci\u00f3n contenida en el sitio web, su dise\u00f1o, contenido gr\u00e1fico y otros elementos, sin contar con la autorizaci\u00f3n del titular de los mismos.<\/span><\/span>\n<p><\/p>\n<\/li>\n<li class=\"li4\"><span style=\"font-size: 14pt;\"><span style=\"font-size: 14pt;\">EL USUARIO no reproducir\u00e1, total o parcialmente, los contenidos de la web.<\/span><\/span>\n<p><\/p>\n<\/li>\n<li class=\"li4\"><span style=\"font-size: 14pt;\"><span style=\"font-size: 14pt;\">EL USUARIO no har\u00e1 uso del nombre comercial, marca, imagen, logotipo o contenidos an\u00e1logos titularidad de CanariasViaja sin contar con su consentimiento expreso.<\/span><\/span>\n<p><\/p>\n<\/li>\n<li class=\"li4\"><span style=\"font-size: 14pt;\"><span style=\"font-size: 14pt;\">EL USUARIO asume la responsabilidad sobre los datos personales suministrados y comunicar\u00e1 cualquier cambio que surja en ellos.<\/span><\/span>\n<p><\/p>\n<\/li>\n<li class=\"li4\"><span style=\"font-size: 14pt;\"><span style=\"font-size: 14pt;\">EL USUARIO, en lo que respecta a cookies no necesarias, entiende que su aceptaci\u00f3n e instalaci\u00f3n es voluntaria, y deber\u00e1 configurarlas en el momento de su acceso a la web.<\/span><\/span>\n<p><\/p>\n<\/li>\n<li class=\"li4\"><span style=\"font-size: 14pt;\"><span style=\"font-size: 14pt;\">EL USUARIO es responsable de cualesquiera comentarios, valoraciones, opiniones o mensajes que publique o env\u00ede a trav\u00e9s del sitio web, as\u00ed como de los datos que consten en estos. CanariasViaja ruega a EL USUARIO que se abstenga de publicar informaci\u00f3n personal o privada.<\/span><\/span>\n<p><\/p>\n<\/li>\n<li class=\"li4\"><span style=\"font-size: 14pt;\"><span style=\"font-size: 14pt;\">EL USUARIO no reproducir\u00e1 ni utilizar\u00e1 las publicaciones presentes en el sitio web sin contar con el consentimiento de su titular.<\/span><\/span>\n<p><\/p>\n<\/li>\n<li class=\"li4\"><span style=\"font-size: 14pt;\"><span style=\"font-size: 14pt;\">EL USUARIO no utilizar\u00e1 este sitio web, ni cualquier otro relacionado, para publicar o difundir contenidos violentos, malsonantes, delictivos, racistas o, en general, contrarios a la Ley o al orden p\u00fablico.<\/span><\/span>\n<p><\/p>\n<\/li>\n<li class=\"li4\"><span style=\"font-size: 14pt;\"><span style=\"font-size: 14pt;\">EL USUARIO no vulnerar\u00e1 las \u00e1reas restringidas propiedad de CanariasViaja ni tratar\u00e1 de obtener informaci\u00f3n de las mismas.<\/span><\/span>\n<p><\/p>\n<\/li>\n<li class=\"li4\"><span style=\"font-size: 14pt;\"><span style=\"font-size: 14pt;\">EL USUARIO no realizar\u00e1 acciones que pudieran resultar en una alteraci\u00f3n, mal funcionamiento, errores o da\u00f1os de este sitio web o de cualquier de los sistemas o soportes asociados a CanariasViaja.<\/span><\/span>\n<p><\/p>\n<\/li>\n<li class=\"li4\"><span style=\"font-size: 14pt;\"><span style=\"font-size: 14pt;\">EL USUARIO, en sus relaciones con este sitio web o con CanariasViaja, no obstaculizar\u00e1 ni dificultar\u00e1 el acceso de otros usuarios, ni suplantar\u00e1 la identidad de estos.<\/span><\/span>\n<p><\/p>\n<\/li>\n<li class=\"li4\"><span style=\"font-size: 14pt;\">EL USUARIO comunicar\u00e1 a CanariasViaja cualesquiera circunstancias il\u00edcitas o sospechosas de las que tuviese conocimiento, en relaci\u00f3n con este sitio web o los servicios prestados.<\/span><span class=\"Apple-converted-space\"><span class=\"Apple-converted-space\"><span style=\"font-size: 14pt;\">&nbsp;<\/span><\/span><\/span>\n<p><\/p>\n<\/li>\n<\/ul>\n<h3 class=\"p3\"><b>VII. Exclusiones de responsabilidad<\/b><\/h3>\n<ul class=\"ul1\">\n<li class=\"li4\"><span style=\"font-size: 14pt;\"><b>Protecci\u00f3n de datos: <\/b>CanariasViaja ha establecido e implantado las medidas necesarias para garantizar la seguridad de los datos personales facilitados por el usuario, a fin de evitar su alteraci\u00f3n, p\u00e9rdida, tratamiento y\/o acceso sin autorizaci\u00f3n.<span class=\"Apple-converted-space\">&nbsp;<\/span><\/span><\/li>\n<\/ul>\n<p class=\"p12\"><span style=\"font-size: 14pt;\">Dichas medidas ser\u00e1n las adecuadas al estado de la tecnolog\u00eda, naturaleza de los datos y riesgos a que estos quedan expuestos en cada momento.<span class=\"Apple-converted-space\">&nbsp;<\/span><\/span><\/p>\n<ul class=\"ul1\">\n<li class=\"li4\"><span style=\"font-size: 14pt;\"><b>Cookies: <\/b>si EL USUARIO ha implementado bloqueos de cookies o tecnolog\u00edas similares, ello podr\u00eda derivar en deficiencias de funcionamiento de este sitio. CanariasViaja no ser\u00e1 responsable de las mismas. EL USUARIO puede acceder a m\u00e1s informaci\u00f3n sobre esto en nuestra <span style=\"color: #cc99ff;\"><a style=\"color: #cc99ff;\" href=\"https:\/\/www.canariasviaja.com\/info\/politica-de-cookies\/\">pol\u00edtica de cookies.<\/a>\n<p><\/p><\/span><\/span><\/li>\n<\/ul>\n<h3 class=\"p3\"><b>VIII. Medios de contacto<\/b><\/h3>\n<p class=\"p4\"><span style=\"font-size: 14pt;\">Si necesitas hacernos llegar alguna notificaci\u00f3n, consulta, reclamaci\u00f3n o solicitud, si ha tenido lugar alguna incidencia, o si requieres m\u00e1s informaci\u00f3n acerca de este u otros contenidos, puedes contactarnos a trav\u00e9s de los siguientes medios:<\/span><\/p>\n<p class=\"p7\"><span style=\"font-size: 14pt;\"><b>Correo electr\u00f3nico: <\/b>info@canariasviaja.com<\/span><br \/><span style=\"font-size: 14pt;\"><b>Direcci\u00f3n postal: <\/b>Calle El Pilar 28 \u2013 Local A \u2013 Entresuelo 38002 \u2013 Santa Cruz de Tenerife<\/span><\/p>\n<p><\/p>\n<h3 class=\"p9\"><b>IX. Modificaciones y actualizaciones del aviso legal<\/b><\/h3>\n<p class=\"p7\"><span style=\"font-size: 14pt;\">Hacemos un seguimiento activo y continuo de todos los contenidos que constan en el sitio web, y trabajamos para que los mismos encajen con la realidad de \u00e9ste y se ajusten a la normativa vigente.<\/span><\/p>\n<p class=\"p7\"><span style=\"font-size: 14pt;\">Por ello, CanariasViaja se reserva el derecho a modificar el contenido de este aviso legal, total o parcialmente, y de cualesquiera otros documentos consten en este sitio web. Las modificaciones podr\u00e1n realizarse de forma unilateral y sin previo aviso. No obstante, s\u00ed las mismas pudieran acarrear efectos sobre los derechos, la privacidad o la informaci\u00f3n de EL USUARIO, lo informaremos a trav\u00e9s de este sitio web.<span class=\"Apple-converted-space\">&nbsp;<\/span><\/span><\/p>\n<p class=\"p7\"><span style=\"font-size: 14pt;\">As\u00ed mismo, si alguno de los apartados de este aviso resultara declarado nulo y quedase sin efecto, ello no afectar\u00e1 al resto de contenidos, que permanecer\u00e1n invariables y en vigor.<\/span><span class=\"Apple-converted-space\"><span style=\"font-size: 14pt;\">&nbsp;<\/span><\/span><\/p>\n<p><\/p>\n<h3 class=\"p3\"><b>X. Ley y jurisdicci\u00f3n aplicable<\/b><\/h3>\n<p class=\"p4\"><span style=\"font-size: 14pt;\">Este sitio web queda sujeto a lo dispuesto en el Ordenamiento Jur\u00eddico espa\u00f1ol, as\u00ed como a la normativa europea que resulte de aplicaci\u00f3n.<span class=\"Apple-converted-space\">&nbsp;<\/span><\/span><\/p>\n<p class=\"p4\"><span style=\"font-size: 14pt;\">En las relaciones con consumidores y usuarios, si surgiera controversia, ser\u00e1 competente para conocer y resolver la misma el \u00f3rgano judicial que resulte de la aplicaci\u00f3n del fuero legal correspondiente.<\/span><\/p>\n<p class=\"p4\"><span style=\"font-size: 14pt;\">En las relaciones con profesionales o personas jur\u00eddicas, su surgiera controversia, ambas partes, con renuncia expresa a su propio fuero, se someten a la jurisdicci\u00f3n de los Juzgados y Tribunales de Santa Cruz de Tenerife.<span class=\"Apple-converted-space\">&nbsp;<\/span><\/span><\/p>\n<p class=\"p13\"><span style=\"font-size: 14pt;\"><span class=\"s5\">Consumidores y usuarios:<\/span> en caso de controversia, ser\u00e1 competente el \u00f3rgano judicial que resulte de la aplicaci\u00f3n del fuero legal correspondiente.<span class=\"Apple-converted-space\">&nbsp;<\/span><\/span><\/p>\n<p><\/p>\n<\/td>\n<\/tr>\n<\/tbody>\n<\/table>\n\n\n<div class=\"wp-block-columns is-layout-flex wp-container-core-columns-is-layout-9d6595d7 wp-block-columns-is-layout-flex\">\n<div class=\"wp-block-column is-layout-flow wp-block-column-is-layout-flow\"><\/div>\n<\/div>\n","protected":false},"excerpt":{"rendered":"<p>AVISO LEGAL WEB I. Objeto El presente documento constituye el aviso legal que regula todo lo relacionado con el sitio web www.canariasviaja.com, titularidad de OPERACIONES TUR\u00cdSTICAS CANARIASVIAJA S.A. -en adelante, CanariasViaja- con el fin de determinar los criterios y condiciones de uso de la misma.&nbsp; El visitante de este sitio web -en adelante, EL USUARIO-, [&hellip;]<\/p>\n","protected":false},"author":1,"featured_media":0,"parent":0,"menu_order":0,"comment_status":"closed","ping_status":"open","template":"","meta":{"_eb_attr":"","footnotes":""},"class_list":["post-20","page","type-page","status-publish","hentry"],"yoast_head":"<title>Aviso Legal - Canarias viaja<\/title>\n<meta name=\"robots\" content=\"index, follow, max-snippet:-1, max-image-preview:large, max-video-preview:-1\" \/>\n<link rel=\"canonical\" href=\"https:\/\/www.canariasviaja.com\/info\/aviso-legal\/\" \/>\n<meta property=\"og:locale\" content=\"es_ES\" \/>\n<meta property=\"og:type\" content=\"article\" \/>\n<meta property=\"og:title\" content=\"Aviso Legal - Canarias viaja\" \/>\n<meta property=\"og:description\" content=\"AVISO LEGAL WEB I. Objeto El presente documento constituye el aviso legal que regula todo lo relacionado con el sitio web www.canariasviaja.com, titularidad de OPERACIONES TUR\u00cdSTICAS CANARIASVIAJA S.A. -en adelante, CanariasViaja- con el fin de determinar los criterios y condiciones de uso de la misma.&nbsp; El visitante de este sitio web -en adelante, EL USUARIO-, [&hellip;]\" \/>\n<meta property=\"og:url\" content=\"https:\/\/www.canariasviaja.com\/info\/aviso-legal\/\" \/>\n<meta property=\"og:site_name\" content=\"Canarias viaja\" \/>\n<meta property=\"article:modified_time\" content=\"2024-11-14T11:45:37+00:00\" \/>\n<meta name=\"twitter:label1\" content=\"Tiempo de lectura\" \/>\n\t<meta name=\"twitter:data1\" content=\"8 minutos\" \/>\n<script type=\"application\/ld+json\" class=\"yoast-schema-graph\">{\"@context\":\"https:\/\/schema.org\",\"@graph\":[{\"@type\":\"WebPage\",\"@id\":\"https:\/\/www.canariasviaja.com\/info\/aviso-legal\/\",\"url\":\"https:\/\/www.canariasviaja.com\/info\/aviso-legal\/\",\"name\":\"Aviso Legal - Canarias viaja\",\"isPartOf\":{\"@id\":\"https:\/\/www.canariasviaja.com\/info\/#website\"},\"datePublished\":\"2013-11-09T12:51:05+00:00\",\"dateModified\":\"2024-11-14T11:45:37+00:00\",\"breadcrumb\":{\"@id\":\"https:\/\/www.canariasviaja.com\/info\/aviso-legal\/#breadcrumb\"},\"inLanguage\":\"es\",\"potentialAction\":[{\"@type\":\"ReadAction\",\"target\":[\"https:\/\/www.canariasviaja.com\/info\/aviso-legal\/\"]}]},{\"@type\":\"BreadcrumbList\",\"@id\":\"https:\/\/www.canariasviaja.com\/info\/aviso-legal\/#breadcrumb\",\"itemListElement\":[{\"@type\":\"ListItem\",\"position\":1,\"name\":\"Home\",\"item\":\"https:\/\/www.canariasviaja.com\/info\/\"},{\"@type\":\"ListItem\",\"position\":2,\"name\":\"Aviso Legal\"}]},{\"@type\":\"WebSite\",\"@id\":\"https:\/\/www.canariasviaja.com\/info\/#website\",\"url\":\"https:\/\/www.canariasviaja.com\/info\/\",\"name\":\"Canarias viaja\",\"description\":\"Canarias viaja\",\"publisher\":{\"@id\":\"https:\/\/www.canariasviaja.com\/info\/#organization\"},\"potentialAction\":[{\"@type\":\"SearchAction\",\"target\":{\"@type\":\"EntryPoint\",\"urlTemplate\":\"https:\/\/www.canariasviaja.com\/info\/?s={search_term_string}\"},\"query-input\":{\"@type\":\"PropertyValueSpecification\",\"valueRequired\":true,\"valueName\":\"search_term_string\"}}],\"inLanguage\":\"es\"},{\"@type\":\"Organization\",\"@id\":\"https:\/\/www.canariasviaja.com\/info\/#organization\",\"name\":\"Canarias viaja\",\"url\":\"https:\/\/www.canariasviaja.com\/info\/\",\"logo\":{\"@type\":\"ImageObject\",\"inLanguage\":\"es\",\"@id\":\"https:\/\/www.canariasviaja.com\/info\/#\/schema\/logo\/image\/\",\"url\":\"https:\/\/www.canariasviaja.com\/info\/wp-content\/uploads\/logo-CV-2020.png\",\"contentUrl\":\"https:\/\/www.canariasviaja.com\/info\/wp-content\/uploads\/logo-CV-2020.png\",\"width\":595,\"height\":167,\"caption\":\"Canarias viaja\"},\"image\":{\"@id\":\"https:\/\/www.canariasviaja.com\/info\/#\/schema\/logo\/image\/\"}}]}<\/script>","yoast_head_json":{"title":"Aviso Legal - Canarias viaja","robots":{"index":"index","follow":"follow","max-snippet":"max-snippet:-1","max-image-preview":"max-image-preview:large","max-video-preview":"max-video-preview:-1"},"canonical":"https:\/\/www.canariasviaja.com\/info\/aviso-legal\/","og_locale":"es_ES","og_type":"article","og_title":"Aviso Legal - Canarias viaja","og_description":"AVISO LEGAL WEB I. Objeto El presente documento constituye el aviso legal que regula todo lo relacionado con el sitio web www.canariasviaja.com, titularidad de OPERACIONES TUR\u00cdSTICAS CANARIASVIAJA S.A. -en adelante, CanariasViaja- con el fin de determinar los criterios y condiciones de uso de la misma.&nbsp; El visitante de este sitio web -en adelante, EL USUARIO-, [&hellip;]","og_url":"https:\/\/www.canariasviaja.com\/info\/aviso-legal\/","og_site_name":"Canarias viaja","article_modified_time":"2024-11-14T11:45:37+00:00","twitter_misc":{"Tiempo de lectura":"8 minutos"},"schema":{"@context":"https:\/\/schema.org","@graph":[{"@type":"WebPage","@id":"https:\/\/www.canariasviaja.com\/info\/aviso-legal\/","url":"https:\/\/www.canariasviaja.com\/info\/aviso-legal\/","name":"Aviso Legal - Canarias viaja","isPartOf":{"@id":"https:\/\/www.canariasviaja.com\/info\/#website"},"datePublished":"2013-11-09T12:51:05+00:00","dateModified":"2024-11-14T11:45:37+00:00","breadcrumb":{"@id":"https:\/\/www.canariasviaja.com\/info\/aviso-legal\/#breadcrumb"},"inLanguage":"es","potentialAction":[{"@type":"ReadAction","target":["https:\/\/www.canariasviaja.com\/info\/aviso-legal\/"]}]},{"@type":"BreadcrumbList","@id":"https:\/\/www.canariasviaja.com\/info\/aviso-legal\/#breadcrumb","itemListElement":[{"@type":"ListItem","position":1,"name":"Home","item":"https:\/\/www.canariasviaja.com\/info\/"},{"@type":"ListItem","position":2,"name":"Aviso Legal"}]},{"@type":"WebSite","@id":"https:\/\/www.canariasviaja.com\/info\/#website","url":"https:\/\/www.canariasviaja.com\/info\/","name":"Canarias viaja","description":"Canarias viaja","publisher":{"@id":"https:\/\/www.canariasviaja.com\/info\/#organization"},"potentialAction":[{"@type":"SearchAction","target":{"@type":"EntryPoint","urlTemplate":"https:\/\/www.canariasviaja.com\/info\/?s={search_term_string}"},"query-input":{"@type":"PropertyValueSpecification","valueRequired":true,"valueName":"search_term_string"}}],"inLanguage":"es"},{"@type":"Organization","@id":"https:\/\/www.canariasviaja.com\/info\/#organization","name":"Canarias viaja","url":"https:\/\/www.canariasviaja.com\/info\/","logo":{"@type":"ImageObject","inLanguage":"es","@id":"https:\/\/www.canariasviaja.com\/info\/#\/schema\/logo\/image\/","url":"https:\/\/www.canariasviaja.com\/info\/wp-content\/uploads\/logo-CV-2020.png","contentUrl":"https:\/\/www.canariasviaja.com\/info\/wp-content\/uploads\/logo-CV-2020.png","width":595,"height":167,"caption":"Canarias viaja"},"image":{"@id":"https:\/\/www.canariasviaja.com\/info\/#\/schema\/logo\/image\/"}}]}},"_links":{"self":[{"href":"https:\/\/www.canariasviaja.com\/info\/wp-json\/wp\/v2\/pages\/20","targetHints":{"allow":["GET"]}}],"collection":[{"href":"https:\/\/www.canariasviaja.com\/info\/wp-json\/wp\/v2\/pages"}],"about":[{"href":"https:\/\/www.canariasviaja.com\/info\/wp-json\/wp\/v2\/types\/page"}],"author":[{"embeddable":true,"href":"https:\/\/www.canariasviaja.com\/info\/wp-json\/wp\/v2\/users\/1"}],"replies":[{"embeddable":true,"href":"https:\/\/www.canariasviaja.com\/info\/wp-json\/wp\/v2\/comments?post=20"}],"version-history":[{"count":7,"href":"https:\/\/www.canariasviaja.com\/info\/wp-json\/wp\/v2\/pages\/20\/revisions"}],"predecessor-version":[{"id":35638,"href":"https:\/\/www.canariasviaja.com\/info\/wp-json\/wp\/v2\/pages\/20\/revisions\/35638"}],"wp:attachment":[{"href":"https:\/\/www.canariasviaja.com\/info\/wp-json\/wp\/v2\/media?parent=20"}],"curies":[{"name":"wp","href":"https:\/\/api.w.org\/{rel}","templated":true}]}}