

{"id":330,"date":"2013-11-26T15:16:08","date_gmt":"2013-11-26T15:16:08","guid":{"rendered":"https:\/\/canariasviaja.com\/info\/?page_id=330"},"modified":"2026-04-01T10:06:29","modified_gmt":"2026-04-01T09:06:29","slug":"bintermas","status":"publish","type":"page","link":"https:\/\/www.canariasviaja.com\/info\/bintermas\/","title":{"rendered":"BinterM\u00e1s"},"content":{"rendered":"\n<h2 class=\"wp-block-heading\"><img fetchpriority=\"high\" decoding=\"async\" width=\"1200\" height=\"390\" class=\"wp-image-23089\" style=\"width: 1200px;\" src=\"https:\/\/www.canariasviaja.com\/info\/wp-content\/uploads\/Cabecera-BinterMas.png\" alt=\"\" srcset=\"https:\/\/www.canariasviaja.com\/info\/wp-content\/uploads\/Cabecera-BinterMas.png 1230w, https:\/\/www.canariasviaja.com\/info\/wp-content\/uploads\/Cabecera-BinterMas-300x98.png 300w, https:\/\/www.canariasviaja.com\/info\/wp-content\/uploads\/Cabecera-BinterMas-1024x333.png 1024w, https:\/\/www.canariasviaja.com\/info\/wp-content\/uploads\/Cabecera-BinterMas-768x250.png 768w\" sizes=\"(max-width: 1200px) 100vw, 1200px\" \/><\/h2>\n\n\n\n<p><\/p>\n\n\n\n<h2 class=\"wp-block-heading\">Descubre ofertas \u00fanicas para los usuarios de <strong>BinterM\u00e1s<\/strong> con <strong>CanariasViaja.com <\/strong>&nbsp; <\/h2>\n\n\n\n<p><\/p>\n\n\n\n<p>Cada mes te traeremos ofertas nuevas que podr\u00e1s canjear con tus puntos acumulados. Recuerda que conseguir\u00e1s un 1 punto por cada 3 euros que compres en CanariasViaja.com, que podr\u00e1s canjear por cualquiera de los productos que te ofrece BinterM\u00e1s.<\/p>\n\n\n\n<p><\/p>\n\n\n\n<div class=\"wp-block-columns is-layout-flex wp-container-core-columns-is-layout-9d6595d7 wp-block-columns-is-layout-flex\">\n<div class=\"wp-block-column is-layout-flow wp-block-column-is-layout-flow\"><\/div>\n<\/div>\n\n\n\n<h2 class=\"wp-block-heading\" style=\"font-size:33px\">OFERTAS VIGENTES<\/h2>\n\n\n\n<div class=\"wp-block-columns is-layout-flex wp-container-core-columns-is-layout-9d6595d7 wp-block-columns-is-layout-flex\">\n<div class=\"wp-block-column is-layout-flow wp-block-column-is-layout-flow\"><\/div>\n<\/div>\n\n\n\n<div class=\"wp-block-columns is-layout-flex wp-container-core-columns-is-layout-9d6595d7 wp-block-columns-is-layout-flex\">\n<div class=\"wp-block-column is-layout-flow wp-block-column-is-layout-flow\">\n<hr class=\"wp-block-separator has-alpha-channel-opacity\"\/>\n<\/div>\n<\/div>\n\n\n\n<div class=\"wp-block-columns is-layout-flex wp-container-core-columns-is-layout-9d6595d7 wp-block-columns-is-layout-flex\">\n<div class=\"wp-block-column is-layout-flow wp-block-column-is-layout-flow\">\n<figure class=\"wp-block-table\"><table><tbody><tr><td><img decoding=\"async\" width=\"400\" height=\"300\" class=\"wp-image-39327\" style=\"width: 400px;\" src=\"https:\/\/www.canariasviaja.com\/info\/wp-content\/uploads\/Ofertas-Landing-BinterMas_LPA-1.jpg\" alt=\"\" srcset=\"https:\/\/www.canariasviaja.com\/info\/wp-content\/uploads\/Ofertas-Landing-BinterMas_LPA-1.jpg 400w, https:\/\/www.canariasviaja.com\/info\/wp-content\/uploads\/Ofertas-Landing-BinterMas_LPA-1-300x225.jpg 300w\" sizes=\"(max-width: 400px) 100vw, 400px\" \/><\/td><\/tr><\/tbody><\/table><\/figure>\n\n\n\n<p style=\"font-size:12px\"><\/p>\n<\/div>\n\n\n\n<div class=\"wp-block-column is-layout-flow wp-block-column-is-layout-flow\">\n<p style=\"font-size:34px\">Gran Canaria + Granca live Fest 2026<\/p>\n\n\n\n<p class=\"has-text-color\" style=\"color:#8b70ab;font-size:25px\"><strong>3500 puntos + 127\u20ac<\/strong> por persona<\/p>\n\n\n\n<figure class=\"wp-block-table\"><table><tbody><tr><td><img decoding=\"async\" width=\"144\" height=\"50\" class=\"wp-image-13774\" style=\"width: 144px;\" src=\"https:\/\/www.canariasviaja.com\/info\/wp-content\/uploads\/Icono-vhactividad-pastilla.png\" alt=\"\"\/><br \/><br \/><strong>Vuelo + Alojamiento 3* + entrada a Gran Ca Live Fest<\/strong><br \/>2 d\u00edas \/ 1 noche<br \/>Habitaci\u00f3n doble<br \/><\/td><\/tr><\/tbody><\/table><\/figure>\n\n\n\n<p class=\"has-normal-font-size\"><\/p>\n\n\n\n<p style=\"font-size:12px\">Precio \u00abdesde\u00bb\u00a0por persona residente canario, en base a habitaci\u00f3n doble. V\u00e1lido para compras hasta el 30\/04\/26 y estancias hasta el 05\/07\/26.<\/p>\n<\/div>\n<\/div>\n\n\n\n<hr class=\"wp-block-separator aligncenter has-alpha-channel-opacity\"\/>\n\n\n\n<div class=\"wp-block-columns is-layout-flex wp-container-core-columns-is-layout-9d6595d7 wp-block-columns-is-layout-flex\">\n<div class=\"wp-block-column is-layout-flow wp-block-column-is-layout-flow\"><\/div>\n<\/div>\n\n\n\n<div class=\"wp-block-columns is-layout-flex wp-container-core-columns-is-layout-9d6595d7 wp-block-columns-is-layout-flex\">\n<div class=\"wp-block-column is-layout-flow wp-block-column-is-layout-flow\">\n<figure class=\"wp-block-table\"><table><tbody><tr><td><img loading=\"lazy\" decoding=\"async\" width=\"400\" height=\"300\" class=\"wp-image-22555\" style=\"width: 400px;\" src=\"https:\/\/www.canariasviaja.com\/info\/wp-content\/uploads\/MAD-1.jpg\" alt=\"\" srcset=\"https:\/\/www.canariasviaja.com\/info\/wp-content\/uploads\/MAD-1.jpg 400w, https:\/\/www.canariasviaja.com\/info\/wp-content\/uploads\/MAD-1-300x225.jpg 300w\" sizes=\"(max-width: 400px) 100vw, 400px\" \/><\/td><\/tr><\/tbody><\/table><\/figure>\n\n\n\n<p style=\"font-size:12px\"><\/p>\n<\/div>\n\n\n\n<div class=\"wp-block-column is-layout-flow wp-block-column-is-layout-flow\">\n<p style=\"font-size:34px\">Madrid<\/p>\n\n\n\n<p class=\"has-text-color\" style=\"color:#8b70ab;font-size:25px\"><strong>3500 puntos + 155\u20ac<\/strong> por persona<\/p>\n\n\n\n<figure class=\"wp-block-table\"><table><tbody><tr><td><img loading=\"lazy\" decoding=\"async\" width=\"100\" height=\"50\" class=\"wp-image-13776\" style=\"width: 100px;\" src=\"https:\/\/www.canariasviaja.com\/info\/wp-content\/uploads\/Icono-vuelohotel-pastilla-1.png\" alt=\"\"\/><br \/><br \/><strong>Vuelo + Alojamiento 4*<\/strong><br \/>3 d\u00edas \/ 2 noches<br \/>Habitaci\u00f3n doble<\/td><\/tr><\/tbody><\/table><\/figure>\n\n\n\n<p class=\"has-normal-font-size\"><\/p>\n\n\n\n<p style=\"font-size:12px\">Precio \u00abdesde\u00bb\u00a0por persona residente canario, en base a habitaci\u00f3n doble. V\u00e1lido para compras hasta el 30\/04\/26 y estancias hasta el 31\/05\/26.<\/p>\n<\/div>\n<\/div>\n\n\n\n<hr class=\"wp-block-separator has-alpha-channel-opacity\"\/>\n\n\n\n<div class=\"wp-block-columns is-layout-flex wp-container-core-columns-is-layout-9d6595d7 wp-block-columns-is-layout-flex\">\n<div class=\"wp-block-column is-layout-flow wp-block-column-is-layout-flow\"><\/div>\n<\/div>\n\n\n\n<div class=\"wp-block-columns is-layout-flex wp-container-core-columns-is-layout-9d6595d7 wp-block-columns-is-layout-flex\">\n<div class=\"wp-block-column is-layout-flow wp-block-column-is-layout-flow\">\n<figure class=\"wp-block-table\"><table><tbody><tr><td><img loading=\"lazy\" decoding=\"async\" width=\"400\" height=\"300\" class=\"wp-image-39443\" style=\"width: 400px;\" src=\"https:\/\/www.canariasviaja.com\/info\/wp-content\/uploads\/Ofertas-Landing-BinterMas-ACE.png\" alt=\"\" srcset=\"https:\/\/www.canariasviaja.com\/info\/wp-content\/uploads\/Ofertas-Landing-BinterMas-ACE.png 400w, https:\/\/www.canariasviaja.com\/info\/wp-content\/uploads\/Ofertas-Landing-BinterMas-ACE-300x225.png 300w\" sizes=\"(max-width: 400px) 100vw, 400px\" \/><\/td><\/tr><\/tbody><\/table><\/figure>\n\n\n\n<p style=\"font-size:12px\"><\/p>\n<\/div>\n\n\n\n<div class=\"wp-block-column is-layout-flow wp-block-column-is-layout-flow\">\n<p style=\"font-size:34px\">Lanzarote<\/p>\n\n\n\n<p class=\"has-text-color\" style=\"color:#8b70ab;font-size:25px\"><strong>3500 puntos + 157\u20ac<\/strong> por persona<\/p>\n\n\n\n<figure class=\"wp-block-table\"><table><tbody><tr><td><img decoding=\"async\" width=\"144\" height=\"50\" class=\"wp-image-13774\" style=\"width: 144px;\" src=\"https:\/\/www.canariasviaja.com\/info\/wp-content\/uploads\/Icono-vhactividad-pastilla.png\" alt=\"\"\/><br \/><br \/><strong>Vuelo + Alojamiento 4* + entrada a Lava Live Fest<\/strong><br \/>2 d\u00edas \/ 1 noche<br \/>Habitaci\u00f3n doble<br \/>Alojamiento y desayuno<\/td><\/tr><\/tbody><\/table><\/figure>\n\n\n\n<p style=\"font-size:0px\"><\/p>\n\n\n\n<p style=\"font-size:12px\">Precio \u00abdesde\u00bb\u00a0por persona residente canario, en base a habitaci\u00f3n doble. V\u00e1lido para compras hasta el 30\/04\/26 y estancias hasta el 13\/06\/26.<\/p>\n<\/div>\n<\/div>\n\n\n\n<hr class=\"wp-block-separator has-alpha-channel-opacity\"\/>\n\n\n\n<div class=\"wp-block-columns is-layout-flex wp-container-core-columns-is-layout-9d6595d7 wp-block-columns-is-layout-flex\">\n<div class=\"wp-block-column is-layout-flow wp-block-column-is-layout-flow\"><\/div>\n<\/div>\n\n\n\n<div class=\"wp-block-columns is-layout-flex wp-container-core-columns-is-layout-9d6595d7 wp-block-columns-is-layout-flex\">\n<div class=\"wp-block-column is-layout-flow wp-block-column-is-layout-flow\">\n<figure class=\"wp-block-table\"><table><tbody><tr><td><img loading=\"lazy\" decoding=\"async\" width=\"400\" height=\"300\" class=\"wp-image-39442\" style=\"width: 400px;\" src=\"https:\/\/www.canariasviaja.com\/info\/wp-content\/uploads\/Ofertas-Landing-BinterMas-OVD.png\" alt=\"\" srcset=\"https:\/\/www.canariasviaja.com\/info\/wp-content\/uploads\/Ofertas-Landing-BinterMas-OVD.png 400w, https:\/\/www.canariasviaja.com\/info\/wp-content\/uploads\/Ofertas-Landing-BinterMas-OVD-300x225.png 300w\" sizes=\"(max-width: 400px) 100vw, 400px\" \/><\/td><\/tr><\/tbody><\/table><\/figure>\n\n\n\n<p style=\"font-size:12px\"><\/p>\n<\/div>\n\n\n\n<div class=\"wp-block-column is-layout-flow wp-block-column-is-layout-flow\">\n<p style=\"font-size:34px\">Asturias<\/p>\n\n\n\n<p class=\"has-text-color\" style=\"color:#8b70ab;font-size:25px\"><strong>3500 puntos + 128\u20ac<\/strong> por persona<\/p>\n\n\n\n<figure class=\"wp-block-table\"><table><tbody><tr><td><img loading=\"lazy\" decoding=\"async\" width=\"100\" height=\"50\" class=\"wp-image-13776\" style=\"width: 100px;\" src=\"https:\/\/www.canariasviaja.com\/info\/wp-content\/uploads\/Icono-vuelohotel-pastilla-1.png\" alt=\"\"\/><br \/><br \/><strong>Vuelo + Alojamiento<\/strong> <strong>4*<\/strong><br \/>3 d\u00edas \/ 2 noches<br \/>Habitaci\u00f3n doble<\/td><\/tr><\/tbody><\/table><\/figure>\n\n\n\n<p class=\"has-normal-font-size\"><\/p>\n\n\n\n<p style=\"font-size:12px\">Precio \u00abdesde\u00bb\u00a0por persona residente canario, en base a habitaci\u00f3n doble. V\u00e1lido para compras hasta el 30\/04\/26 y estancias hasta el 30\/06\/26.<\/p>\n<\/div>\n<\/div>\n\n\n\n<hr class=\"wp-block-separator has-alpha-channel-opacity\"\/>\n\n\n\n<div class=\"wp-block-columns is-layout-flex wp-container-core-columns-is-layout-9d6595d7 wp-block-columns-is-layout-flex\">\n<div class=\"wp-block-column is-layout-flow wp-block-column-is-layout-flow\"><\/div>\n<\/div>\n\n\n\n<div class=\"wp-block-columns is-layout-flex wp-container-core-columns-is-layout-9d6595d7 wp-block-columns-is-layout-flex\">\n<div class=\"wp-block-column is-layout-flow wp-block-column-is-layout-flow\">\n<figure class=\"wp-block-table\"><table><tbody><tr><td><img loading=\"lazy\" decoding=\"async\" width=\"400\" height=\"300\" class=\"wp-image-39440\" style=\"width: 400px;\" src=\"https:\/\/www.canariasviaja.com\/info\/wp-content\/uploads\/Ofertas-Landing-BinterMas-VDE.png\" alt=\"\" srcset=\"https:\/\/www.canariasviaja.com\/info\/wp-content\/uploads\/Ofertas-Landing-BinterMas-VDE.png 400w, https:\/\/www.canariasviaja.com\/info\/wp-content\/uploads\/Ofertas-Landing-BinterMas-VDE-300x225.png 300w\" sizes=\"(max-width: 400px) 100vw, 400px\" \/><\/td><\/tr><\/tbody><\/table><\/figure>\n\n\n\n<p style=\"font-size:12px\"><\/p>\n<\/div>\n\n\n\n<div class=\"wp-block-column is-layout-flow wp-block-column-is-layout-flow\">\n<p style=\"font-size:34px\">El Hierro<\/p>\n\n\n\n<p class=\"has-text-color\" style=\"color:#8b70ab;font-size:25px\"><strong>3500 puntos + 91\u20ac<\/strong> por persona<\/p>\n\n\n\n<figure class=\"wp-block-table\"><table><tbody><tr><td><img loading=\"lazy\" decoding=\"async\" width=\"100\" height=\"50\" class=\"wp-image-13724\" style=\"width: 100px;\" src=\"https:\/\/www.canariasviaja.com\/info\/wp-content\/uploads\/Icono-vuelohotel-pastilla.png\" alt=\"\"\/><br \/><br \/><strong>Vuelo + Alojamiento 4*<\/strong><br \/>3 d\u00edas \/ 2 noches<br \/>Doble<\/td><\/tr><\/tbody><\/table><\/figure>\n\n\n\n<p class=\"has-normal-font-size\"><\/p>\n\n\n\n<p style=\"font-size:12px\">Precio \u00abdesde\u00bb\u00a0por persona residente canario, en base a habitaci\u00f3n doble. V\u00e1lido para compras hasta el 30\/04\/26 y estancias hasta el 30\/04\/26.<\/p>\n<\/div>\n<\/div>\n\n\n\n<hr class=\"wp-block-separator has-alpha-channel-opacity\"\/>\n\n\n\n<div class=\"wp-block-columns is-layout-flex wp-container-core-columns-is-layout-9d6595d7 wp-block-columns-is-layout-flex\">\n<div class=\"wp-block-column is-layout-flow wp-block-column-is-layout-flow\"><\/div>\n<\/div>\n\n\n\n<div class=\"wp-block-columns is-layout-flex wp-container-core-columns-is-layout-9d6595d7 wp-block-columns-is-layout-flex\">\n<div class=\"wp-block-column is-layout-flow wp-block-column-is-layout-flow\">\n<figure class=\"wp-block-table\"><table><tbody><tr><td><img loading=\"lazy\" decoding=\"async\" width=\"400\" height=\"300\" class=\"wp-image-39441\" style=\"width: 400px;\" src=\"https:\/\/www.canariasviaja.com\/info\/wp-content\/uploads\/Ofertas-Landing-BinterMas-EAS.png\" alt=\"\" srcset=\"https:\/\/www.canariasviaja.com\/info\/wp-content\/uploads\/Ofertas-Landing-BinterMas-EAS.png 400w, https:\/\/www.canariasviaja.com\/info\/wp-content\/uploads\/Ofertas-Landing-BinterMas-EAS-300x225.png 300w\" sizes=\"(max-width: 400px) 100vw, 400px\" \/><\/td><\/tr><\/tbody><\/table><\/figure>\n\n\n\n<p style=\"font-size:12px\"><\/p>\n<\/div>\n\n\n\n<div class=\"wp-block-column is-layout-flow wp-block-column-is-layout-flow\">\n<p style=\"font-size:34px\">San Sebasti\u00e1n<\/p>\n\n\n\n<p class=\"has-text-color\" style=\"color:#8b70ab;font-size:25px\"><strong>3500 puntos + 326\u20ac<\/strong> por persona<\/p>\n\n\n\n<figure class=\"wp-block-table\"><table><tbody><tr><td><img loading=\"lazy\" decoding=\"async\" width=\"100\" height=\"50\" class=\"wp-image-13776\" style=\"width: 100px;\" src=\"https:\/\/www.canariasviaja.com\/info\/wp-content\/uploads\/Icono-vuelohotel-pastilla-1.png\" alt=\"\"\/><br \/><br \/><strong>Vuelo + Alojamiento 4*<\/strong><br \/>4 d\u00edas \/ 3 noches<br \/>Habitaci\u00f3n doble<br \/><\/td><\/tr><\/tbody><\/table><\/figure>\n\n\n\n<p class=\"has-normal-font-size\"><\/p>\n\n\n\n<p style=\"font-size:12px\">Precio \u00abdesde\u00bb\u00a0por persona residente canario, en base a habitaci\u00f3n doble. V\u00e1lido para compras hasta el 31\/04\/26 y estancias hasta el 30\/04\/26.<\/p>\n<\/div>\n<\/div>\n\n\n\n<hr class=\"wp-block-separator has-alpha-channel-opacity\"\/>\n\n\n\n<div class=\"wp-block-columns is-layout-flex wp-container-core-columns-is-layout-9d6595d7 wp-block-columns-is-layout-flex\"><\/div>\n\n\n\n<div class=\"wp-block-columns is-layout-flex wp-container-core-columns-is-layout-9d6595d7 wp-block-columns-is-layout-flex\">\n<div class=\"wp-block-column is-layout-flow wp-block-column-is-layout-flow\"><\/div>\n<\/div>\n\n\n\n<p><\/p>\n","protected":false},"excerpt":{"rendered":"<p>Descubre ofertas \u00fanicas para los usuarios de BinterM\u00e1s con CanariasViaja.com &nbsp; Cada mes te traeremos ofertas nuevas que podr\u00e1s canjear con tus puntos acumulados. Recuerda que conseguir\u00e1s un 1 punto por cada 3 euros que compres en CanariasViaja.com, que podr\u00e1s canjear por cualquiera de los productos que te ofrece BinterM\u00e1s. OFERTAS VIGENTES Gran Canaria + [&hellip;]<\/p>\n","protected":false},"author":1,"featured_media":0,"parent":0,"menu_order":0,"comment_status":"closed","ping_status":"open","template":"","meta":{"_eb_attr":"","footnotes":""},"class_list":["post-330","page","type-page","status-publish","hentry"],"yoast_head":"<title>BinterM\u00e1s - Canarias viaja<\/title>\n<meta name=\"robots\" content=\"index, follow, max-snippet:-1, max-image-preview:large, max-video-preview:-1\" \/>\n<link rel=\"canonical\" href=\"https:\/\/www.canariasviaja.com\/info\/bintermas\/\" \/>\n<meta property=\"og:locale\" content=\"es_ES\" \/>\n<meta property=\"og:type\" content=\"article\" \/>\n<meta property=\"og:title\" content=\"BinterM\u00e1s - Canarias viaja\" \/>\n<meta property=\"og:description\" content=\"Descubre ofertas \u00fanicas para los usuarios de BinterM\u00e1s con CanariasViaja.com &nbsp; Cada mes te traeremos ofertas nuevas que podr\u00e1s canjear con tus puntos acumulados. Recuerda que conseguir\u00e1s un 1 punto por cada 3 euros que compres en CanariasViaja.com, que podr\u00e1s canjear por cualquiera de los productos que te ofrece BinterM\u00e1s. OFERTAS VIGENTES Gran Canaria + [&hellip;]\" \/>\n<meta property=\"og:url\" content=\"https:\/\/www.canariasviaja.com\/info\/bintermas\/\" \/>\n<meta property=\"og:site_name\" content=\"Canarias viaja\" \/>\n<meta property=\"article:modified_time\" content=\"2026-04-01T09:06:29+00:00\" \/>\n<meta property=\"og:image\" content=\"https:\/\/www.canariasviaja.com\/info\/wp-content\/uploads\/Cabecera-BinterMas.png\" \/>\n\t<meta property=\"og:image:width\" content=\"1230\" \/>\n\t<meta property=\"og:image:height\" content=\"400\" \/>\n\t<meta property=\"og:image:type\" content=\"image\/png\" \/>\n<meta name=\"twitter:label1\" content=\"Tiempo de lectura\" \/>\n\t<meta name=\"twitter:data1\" content=\"4 minutos\" \/>\n<script type=\"application\/ld+json\" class=\"yoast-schema-graph\">{\"@context\":\"https:\/\/schema.org\",\"@graph\":[{\"@type\":\"WebPage\",\"@id\":\"https:\/\/www.canariasviaja.com\/info\/bintermas\/\",\"url\":\"https:\/\/www.canariasviaja.com\/info\/bintermas\/\",\"name\":\"BinterM\u00e1s - Canarias viaja\",\"isPartOf\":{\"@id\":\"https:\/\/www.canariasviaja.com\/info\/#website\"},\"primaryImageOfPage\":{\"@id\":\"https:\/\/www.canariasviaja.com\/info\/bintermas\/#primaryimage\"},\"image\":{\"@id\":\"https:\/\/www.canariasviaja.com\/info\/bintermas\/#primaryimage\"},\"thumbnailUrl\":\"https:\/\/www.canariasviaja.com\/info\/wp-content\/uploads\/Cabecera-BinterMas.png\",\"datePublished\":\"2013-11-26T15:16:08+00:00\",\"dateModified\":\"2026-04-01T09:06:29+00:00\",\"breadcrumb\":{\"@id\":\"https:\/\/www.canariasviaja.com\/info\/bintermas\/#breadcrumb\"},\"inLanguage\":\"es\",\"potentialAction\":[{\"@type\":\"ReadAction\",\"target\":[\"https:\/\/www.canariasviaja.com\/info\/bintermas\/\"]}]},{\"@type\":\"ImageObject\",\"inLanguage\":\"es\",\"@id\":\"https:\/\/www.canariasviaja.com\/info\/bintermas\/#primaryimage\",\"url\":\"https:\/\/www.canariasviaja.com\/info\/wp-content\/uploads\/Cabecera-BinterMas.png\",\"contentUrl\":\"https:\/\/www.canariasviaja.com\/info\/wp-content\/uploads\/Cabecera-BinterMas.png\",\"width\":1230,\"height\":400},{\"@type\":\"BreadcrumbList\",\"@id\":\"https:\/\/www.canariasviaja.com\/info\/bintermas\/#breadcrumb\",\"itemListElement\":[{\"@type\":\"ListItem\",\"position\":1,\"name\":\"Home\",\"item\":\"https:\/\/www.canariasviaja.com\/info\/\"},{\"@type\":\"ListItem\",\"position\":2,\"name\":\"BinterM\u00e1s\"}]},{\"@type\":\"WebSite\",\"@id\":\"https:\/\/www.canariasviaja.com\/info\/#website\",\"url\":\"https:\/\/www.canariasviaja.com\/info\/\",\"name\":\"Canarias viaja\",\"description\":\"Canarias viaja\",\"publisher\":{\"@id\":\"https:\/\/www.canariasviaja.com\/info\/#organization\"},\"potentialAction\":[{\"@type\":\"SearchAction\",\"target\":{\"@type\":\"EntryPoint\",\"urlTemplate\":\"https:\/\/www.canariasviaja.com\/info\/?s={search_term_string}\"},\"query-input\":{\"@type\":\"PropertyValueSpecification\",\"valueRequired\":true,\"valueName\":\"search_term_string\"}}],\"inLanguage\":\"es\"},{\"@type\":\"Organization\",\"@id\":\"https:\/\/www.canariasviaja.com\/info\/#organization\",\"name\":\"Canarias viaja\",\"url\":\"https:\/\/www.canariasviaja.com\/info\/\",\"logo\":{\"@type\":\"ImageObject\",\"inLanguage\":\"es\",\"@id\":\"https:\/\/www.canariasviaja.com\/info\/#\/schema\/logo\/image\/\",\"url\":\"https:\/\/www.canariasviaja.com\/info\/wp-content\/uploads\/logo-CV-2020.png\",\"contentUrl\":\"https:\/\/www.canariasviaja.com\/info\/wp-content\/uploads\/logo-CV-2020.png\",\"width\":595,\"height\":167,\"caption\":\"Canarias viaja\"},\"image\":{\"@id\":\"https:\/\/www.canariasviaja.com\/info\/#\/schema\/logo\/image\/\"}}]}<\/script>","yoast_head_json":{"title":"BinterM\u00e1s - Canarias viaja","robots":{"index":"index","follow":"follow","max-snippet":"max-snippet:-1","max-image-preview":"max-image-preview:large","max-video-preview":"max-video-preview:-1"},"canonical":"https:\/\/www.canariasviaja.com\/info\/bintermas\/","og_locale":"es_ES","og_type":"article","og_title":"BinterM\u00e1s - Canarias viaja","og_description":"Descubre ofertas \u00fanicas para los usuarios de BinterM\u00e1s con CanariasViaja.com &nbsp; Cada mes te traeremos ofertas nuevas que podr\u00e1s canjear con tus puntos acumulados. Recuerda que conseguir\u00e1s un 1 punto por cada 3 euros que compres en CanariasViaja.com, que podr\u00e1s canjear por cualquiera de los productos que te ofrece BinterM\u00e1s. OFERTAS VIGENTES Gran Canaria + [&hellip;]","og_url":"https:\/\/www.canariasviaja.com\/info\/bintermas\/","og_site_name":"Canarias viaja","article_modified_time":"2026-04-01T09:06:29+00:00","og_image":[{"width":1230,"height":400,"url":"https:\/\/www.canariasviaja.com\/info\/wp-content\/uploads\/Cabecera-BinterMas.png","type":"image\/png"}],"twitter_misc":{"Tiempo de lectura":"4 minutos"},"schema":{"@context":"https:\/\/schema.org","@graph":[{"@type":"WebPage","@id":"https:\/\/www.canariasviaja.com\/info\/bintermas\/","url":"https:\/\/www.canariasviaja.com\/info\/bintermas\/","name":"BinterM\u00e1s - Canarias viaja","isPartOf":{"@id":"https:\/\/www.canariasviaja.com\/info\/#website"},"primaryImageOfPage":{"@id":"https:\/\/www.canariasviaja.com\/info\/bintermas\/#primaryimage"},"image":{"@id":"https:\/\/www.canariasviaja.com\/info\/bintermas\/#primaryimage"},"thumbnailUrl":"https:\/\/www.canariasviaja.com\/info\/wp-content\/uploads\/Cabecera-BinterMas.png","datePublished":"2013-11-26T15:16:08+00:00","dateModified":"2026-04-01T09:06:29+00:00","breadcrumb":{"@id":"https:\/\/www.canariasviaja.com\/info\/bintermas\/#breadcrumb"},"inLanguage":"es","potentialAction":[{"@type":"ReadAction","target":["https:\/\/www.canariasviaja.com\/info\/bintermas\/"]}]},{"@type":"ImageObject","inLanguage":"es","@id":"https:\/\/www.canariasviaja.com\/info\/bintermas\/#primaryimage","url":"https:\/\/www.canariasviaja.com\/info\/wp-content\/uploads\/Cabecera-BinterMas.png","contentUrl":"https:\/\/www.canariasviaja.com\/info\/wp-content\/uploads\/Cabecera-BinterMas.png","width":1230,"height":400},{"@type":"BreadcrumbList","@id":"https:\/\/www.canariasviaja.com\/info\/bintermas\/#breadcrumb","itemListElement":[{"@type":"ListItem","position":1,"name":"Home","item":"https:\/\/www.canariasviaja.com\/info\/"},{"@type":"ListItem","position":2,"name":"BinterM\u00e1s"}]},{"@type":"WebSite","@id":"https:\/\/www.canariasviaja.com\/info\/#website","url":"https:\/\/www.canariasviaja.com\/info\/","name":"Canarias viaja","description":"Canarias viaja","publisher":{"@id":"https:\/\/www.canariasviaja.com\/info\/#organization"},"potentialAction":[{"@type":"SearchAction","target":{"@type":"EntryPoint","urlTemplate":"https:\/\/www.canariasviaja.com\/info\/?s={search_term_string}"},"query-input":{"@type":"PropertyValueSpecification","valueRequired":true,"valueName":"search_term_string"}}],"inLanguage":"es"},{"@type":"Organization","@id":"https:\/\/www.canariasviaja.com\/info\/#organization","name":"Canarias viaja","url":"https:\/\/www.canariasviaja.com\/info\/","logo":{"@type":"ImageObject","inLanguage":"es","@id":"https:\/\/www.canariasviaja.com\/info\/#\/schema\/logo\/image\/","url":"https:\/\/www.canariasviaja.com\/info\/wp-content\/uploads\/logo-CV-2020.png","contentUrl":"https:\/\/www.canariasviaja.com\/info\/wp-content\/uploads\/logo-CV-2020.png","width":595,"height":167,"caption":"Canarias viaja"},"image":{"@id":"https:\/\/www.canariasviaja.com\/info\/#\/schema\/logo\/image\/"}}]}},"_links":{"self":[{"href":"https:\/\/www.canariasviaja.com\/info\/wp-json\/wp\/v2\/pages\/330","targetHints":{"allow":["GET"]}}],"collection":[{"href":"https:\/\/www.canariasviaja.com\/info\/wp-json\/wp\/v2\/pages"}],"about":[{"href":"https:\/\/www.canariasviaja.com\/info\/wp-json\/wp\/v2\/types\/page"}],"author":[{"embeddable":true,"href":"https:\/\/www.canariasviaja.com\/info\/wp-json\/wp\/v2\/users\/1"}],"replies":[{"embeddable":true,"href":"https:\/\/www.canariasviaja.com\/info\/wp-json\/wp\/v2\/comments?post=330"}],"version-history":[{"count":177,"href":"https:\/\/www.canariasviaja.com\/info\/wp-json\/wp\/v2\/pages\/330\/revisions"}],"predecessor-version":[{"id":39497,"href":"https:\/\/www.canariasviaja.com\/info\/wp-json\/wp\/v2\/pages\/330\/revisions\/39497"}],"wp:attachment":[{"href":"https:\/\/www.canariasviaja.com\/info\/wp-json\/wp\/v2\/media?parent=330"}],"curies":[{"name":"wp","href":"https:\/\/api.w.org\/{rel}","templated":true}]}}